{"id":675,"date":"2025-09-04T19:33:33","date_gmt":"2025-09-04T22:33:33","guid":{"rendered":"https:\/\/planbrazil.co\/immobilien-2\/"},"modified":"2026-02-09T01:49:23","modified_gmt":"2026-02-09T04:49:23","slug":"immobilien-2","status":"publish","type":"page","link":"https:\/\/www.planbrazil.co\/de\/immobilien-2\/","title":{"rendered":"Immobilien"},"content":{"rendered":"\t\t<div data-elementor-type=\"wp-page\" data-elementor-id=\"675\" class=\"elementor elementor-675 elementor-670\" data-elementor-post-type=\"page\">\n\t\t\t\t<div class=\"elementor-element elementor-element-484aeca e-flex e-con-boxed e-con e-parent\" data-id=\"484aeca\" data-element_type=\"container\">\n\t\t\t\t\t<div class=\"e-con-inner\">\n\t\t\t\t<div class=\"elementor-element elementor-element-8597fba elementor-widget elementor-widget-heading\" data-id=\"8597fba\" data-element_type=\"widget\" data-widget_type=\"heading.default\">\n\t\t\t\t\t<h2 class=\"elementor-heading-title elementor-size-default\">Immobilieninvestitionen<\/h2>\t\t\t\t<\/div>\n\t\t\t\t<div class=\"elementor-element elementor-element-6157335 elementor-widget elementor-widget-heading\" data-id=\"6157335\" data-element_type=\"widget\" data-widget_type=\"heading.default\">\n\t\t\t\t\t<h2 class=\"elementor-heading-title elementor-size-default\">Lukrative Immobilien f\u00fcr Ihre Zukunft<\/h2>\t\t\t\t<\/div>\n\t\t\t\t<div class=\"elementor-element elementor-element-8f6756d elementor-widget__width-initial elementor-widget elementor-widget-text-editor\" data-id=\"8f6756d\" data-element_type=\"widget\" data-widget_type=\"text-editor.default\">\n\t\t\t\t\t\t\t\t\t<p>Finden Sie die besten Gelegenheiten in Immobilien, um sicher und mit hoher Rentabilit\u00e4t zu investieren. Ihr n\u00e4chstes gro\u00dfes Gesch\u00e4ft beginnt hier!<\/p>\t\t\t\t\t\t\t\t<\/div>\n\t\t\t\t\t<\/div>\n\t\t\t\t<\/div>\n\t\t<div class=\"elementor-element elementor-element-ef6504f e-flex e-con-boxed e-con e-parent\" data-id=\"ef6504f\" data-element_type=\"container\">\n\t\t\t\t\t<div class=\"e-con-inner\">\n\t\t\t\t<div class=\"elementor-element elementor-element-b4f50a1 elementor-widget elementor-widget-shortcode\" data-id=\"b4f50a1\" data-element_type=\"widget\" data-widget_type=\"shortcode.default\">\n\t\t\t\t\t\t\t<div class=\"elementor-shortcode\">    <form class=\"pb-filtros-imoveis-form pb-filtros\" method=\"GET\" action=\"\">\n        <h3 class=\"pb-filtros__title\">Im\u00f3veis<\/h3>\n        <div class=\"pb-filtros__grid\">\n            <div class=\"pb-filtros__field\">\n                <label class=\"pb-filtros__label\">Tipo de im\u00f3vel<\/label>\n                <select name=\"tipo_imovel\" class=\"pb-filtros__select\">\n                    <option value=\"\">Todos os tipos<\/option>\n                                            <option value=\"apartamento\" >Apartamento<\/option>\n                                            <option value=\"casa-isolada\" >Casa isolada<\/option>\n                                            <option value=\"cobertura-penthouse\" >Cobertura \/ Penthouse<\/option>\n                                            <option value=\"comercial\" >Comercial<\/option>\n                                            <option value=\"empresa\" >Empresa<\/option>\n                                            <option value=\"empresa\" >Empresa<\/option>\n                                            <option value=\"fazenda\" >Fazenda<\/option>\n                                            <option value=\"haus\" >Haus<\/option>\n                                            <option value=\"imovel-comercial\" >Im\u00f3vel comercial<\/option>\n                                            <option value=\"sitio\" >S\u00edtio<\/option>\n                                            <option value=\"terreno\" >Terreno<\/option>\n                                            <option value=\"terreno-lote\" >Terreno \/ Lote<\/option>\n                                            <option value=\"townhouse\" >Townhouse<\/option>\n                                            <option value=\"vila\" >Vila<\/option>\n                                    <\/select>\n            <\/div>\n            <div class=\"pb-filtros__field\">\n                <label class=\"pb-filtros__label\">Localiza\u00e7\u00e3o<\/label>\n                <select name=\"localizacao_imovel\" class=\"pb-filtros__select\">\n                    <option value=\"\">Todas as localiza\u00e7\u00f5es<\/option>\n                                    <\/select>\n            <\/div>\n            <div class=\"pb-filtros__field\">\n                <label class=\"pb-filtros__label\">Condi\u00e7\u00e3o<\/label>\n                <select name=\"condicao_imovel\" class=\"pb-filtros__select\">\n                    <option value=\"\">Todas as condi\u00e7\u00f5es<\/option>\n                                            <option value=\"bom\" >Bom<\/option>\n                                            <option value=\"em-construcao\" >Em constru\u00e7\u00e3o<\/option>\n                                            <option value=\"muito-bom\" >Muito bom<\/option>\n                                            <option value=\"novo\" >Novo<\/option>\n                                            <option value=\"precisa-de-reforma\" >Precisa de reforma<\/option>\n                                    <\/select>\n            <\/div>\n            <div class=\"pb-filtros__field\">\n                <label class=\"pb-filtros__label\">Pre\u00e7o m\u00ednimo (R$)<\/label>\n                <input type=\"number\" name=\"preco_min\" value=\"\" placeholder=\"Ex: 200000\" min=\"0\" step=\"1000\" class=\"pb-filtros__input\">\n            <\/div>\n            <div class=\"pb-filtros__field\">\n                <label class=\"pb-filtros__label\">Pre\u00e7o m\u00e1ximo (R$)<\/label>\n                <input type=\"number\" name=\"preco_max\" value=\"\" placeholder=\"Ex: 1000000\" min=\"0\" step=\"1000\" class=\"pb-filtros__input\">\n            <\/div>\n        <\/div>\n        <div class=\"pb-filtros__actions\">\n            <button type=\"submit\" class=\"pb-filtros__btn\">Filtrar<\/button>\n        <\/div>\n    <\/form>\n    \n<\/div>\n\t\t\t\t\t\t<\/div>\n\t\t\t\t\t<\/div>\n\t\t\t\t<\/div>\n\t\t\t\t<\/div>\n\t\t","protected":false},"excerpt":{"rendered":"<p>Immobilieninvestitionen Lukrative Immobilien f\u00fcr Ihre Zukunft Finden Sie die besten Gelegenheiten in Immobilien, um sicher und mit hoher Rentabilit\u00e4t zu investieren. Ihr n\u00e4chstes gro\u00dfes Gesch\u00e4ft beginnt hier! \u20ac R$ Villa Contempor\u00e2nea Cascais Ver detalhes<\/p>\n","protected":false},"author":1,"featured_media":0,"parent":0,"menu_order":0,"comment_status":"closed","ping_status":"closed","template":"elementor_header_footer","meta":{"_acf_changed":false,"footnotes":""},"class_list":["post-675","page","type-page","status-publish","hentry"],"acf":[],"_links":{"self":[{"href":"https:\/\/www.planbrazil.co\/de\/wp-json\/wp\/v2\/pages\/675","targetHints":{"allow":["GET"]}}],"collection":[{"href":"https:\/\/www.planbrazil.co\/de\/wp-json\/wp\/v2\/pages"}],"about":[{"href":"https:\/\/www.planbrazil.co\/de\/wp-json\/wp\/v2\/types\/page"}],"author":[{"embeddable":true,"href":"https:\/\/www.planbrazil.co\/de\/wp-json\/wp\/v2\/users\/1"}],"replies":[{"embeddable":true,"href":"https:\/\/www.planbrazil.co\/de\/wp-json\/wp\/v2\/comments?post=675"}],"version-history":[{"count":8,"href":"https:\/\/www.planbrazil.co\/de\/wp-json\/wp\/v2\/pages\/675\/revisions"}],"predecessor-version":[{"id":1469,"href":"https:\/\/www.planbrazil.co\/de\/wp-json\/wp\/v2\/pages\/675\/revisions\/1469"}],"wp:attachment":[{"href":"https:\/\/www.planbrazil.co\/de\/wp-json\/wp\/v2\/media?parent=675"}],"curies":[{"name":"wp","href":"https:\/\/api.w.org\/{rel}","templated":true}]}}