{"id":590,"date":"2025-07-14T18:43:22","date_gmt":"2025-07-14T21:43:22","guid":{"rendered":"https:\/\/planbrazil.co\/ueber-uns\/"},"modified":"2025-11-21T17:18:58","modified_gmt":"2025-11-21T20:18:58","slug":"ueber-uns","status":"publish","type":"page","link":"https:\/\/www.planbrazil.co\/de\/ueber-uns\/","title":{"rendered":"\u00dcber uns"},"content":{"rendered":"\t\t<div data-elementor-type=\"wp-page\" data-elementor-id=\"590\" class=\"elementor elementor-590 elementor-12\" data-elementor-post-type=\"page\">\n\t\t\t\t<div class=\"elementor-element elementor-element-425c854 e-flex e-con-boxed e-con e-parent\" data-id=\"425c854\" data-element_type=\"container\" data-settings=\"{&quot;background_background&quot;:&quot;classic&quot;}\">\n\t\t\t\t\t<div class=\"e-con-inner\">\n\t\t\t\t\t<\/div>\n\t\t\t\t<\/div>\n\t\t<div class=\"elementor-element elementor-element-8a0157a e-flex e-con-boxed e-con e-parent\" data-id=\"8a0157a\" data-element_type=\"container\">\n\t\t\t\t\t<div class=\"e-con-inner\">\n\t\t\t\t<div class=\"elementor-element elementor-element-bb3795f elementor-widget elementor-widget-heading\" data-id=\"bb3795f\" data-element_type=\"widget\" data-widget_type=\"heading.default\">\n\t\t\t\t\t<h2 class=\"elementor-heading-title elementor-size-default\">Kulturen verbinden, Chancen schaffen<\/h2>\t\t\t\t<\/div>\n\t\t\t\t<div class=\"elementor-element elementor-element-78d6023 elementor-widget elementor-widget-text-editor\" data-id=\"78d6023\" data-element_type=\"widget\" data-widget_type=\"text-editor.default\">\n\t\t\t\t\t\t\t\t\t<p>Wir sind ein Team von Fachleuten, die die Exzellenz der europ\u00e4ischen Bildung und Kultur aus erster Hand erfahren haben. Wir haben an einer deutschen Schule studiert, haben bemerkenswerte Erfahrungen in \u00d6sterreich, der Schweiz und Deutschland gemacht \u2013 und wir nehmen diese Werte mit: Engagement, Seriosit\u00e4t und eine langfristige Vision. <\/p><p>Wir glauben fest an Brasilien. W\u00e4hrend Europa eine schwierige Zeit durchmacht, sehen wir hier fruchtbares Terrain f\u00fcr diejenigen, die neu anfangen, investieren oder einfach freier leben wollen. Wie einst unsere Eltern haben wir uns nicht zuf\u00e4llig f\u00fcr Brasilien entschieden, sondern weil wir an das menschliche, kulturelle und wirtschaftliche Potenzial des Landes glauben.  <\/p><p>Wir kombinieren das Beste aus beiden Welten: europ\u00e4ische Pr\u00e4zision und Organisation mit brasilianischer Kreativit\u00e4t und Herzlichkeit. Wir sind hier, um Ihre Br\u00fccke zu sein \u2013 ob f\u00fcr Gesch\u00e4fte, Einwanderung oder neue Lebenschancen. <\/p>\t\t\t\t\t\t\t\t<\/div>\n\t\t\t\t\t<\/div>\n\t\t\t\t<\/div>\n\t\t<div class=\"elementor-element elementor-element-7444bb3 e-grid e-con-boxed e-con e-parent\" data-id=\"7444bb3\" data-element_type=\"container\">\n\t\t\t\t\t<div class=\"e-con-inner\">\n\t\t<div class=\"elementor-element elementor-element-0b8cb63 e-con-full e-flex e-con e-child\" data-id=\"0b8cb63\" data-element_type=\"container\">\n\t\t\t\t<div class=\"elementor-element elementor-element-669bd18 elementor-widget elementor-widget-heading\" data-id=\"669bd18\" data-element_type=\"widget\" data-widget_type=\"heading.default\">\n\t\t\t\t\t<h2 class=\"elementor-heading-title elementor-size-default\">Aufenthalt und Legalisierung\nin Brasilien<\/h2>\t\t\t\t<\/div>\n\t\t\t\t<div class=\"elementor-element elementor-element-676de4f elementor-widget elementor-widget-text-editor\" data-id=\"676de4f\" data-element_type=\"widget\" data-widget_type=\"text-editor.default\">\n\t\t\t\t\t\t\t\t\t<p>Wir k\u00fcmmern uns um den gesamten Prozess f\u00fcr diejenigen, die in Brasilien leben, sich dort engagieren oder investieren m\u00f6chten &#8211; Visa, Unterlagen und umfassende Unterst\u00fctzung.<\/p>\t\t\t\t\t\t\t\t<\/div>\n\t\t\t\t<\/div>\n\t\t<div class=\"elementor-element elementor-element-7a1ced7 e-con-full e-flex e-con e-child\" data-id=\"7a1ced7\" data-element_type=\"container\">\n\t\t\t\t<div class=\"elementor-element elementor-element-17d12bb elementor-widget elementor-widget-heading\" data-id=\"17d12bb\" data-element_type=\"widget\" data-widget_type=\"heading.default\">\n\t\t\t\t\t<h2 class=\"elementor-heading-title elementor-size-default\">Investitionen und Immobilien\nmit Potenzial<\/h2>\t\t\t\t<\/div>\n\t\t\t\t<div class=\"elementor-element elementor-element-095402b elementor-widget elementor-widget-text-editor\" data-id=\"095402b\" data-element_type=\"widget\" data-widget_type=\"text-editor.default\">\n\t\t\t\t\t\t\t\t\t<p>Wir helfen Ihnen, die besten Gelegenheiten auf dem brasilianischen Markt zu finden, sei es zum Wohnen, Investieren oder zur Diversifizierung Ihres Verm\u00f6gens.<\/p>\t\t\t\t\t\t\t\t<\/div>\n\t\t\t\t<\/div>\n\t\t<div class=\"elementor-element elementor-element-c2fd16c e-con-full e-flex e-con e-child\" data-id=\"c2fd16c\" data-element_type=\"container\">\n\t\t\t\t<div class=\"elementor-element elementor-element-befbfea elementor-widget elementor-widget-heading\" data-id=\"befbfea\" data-element_type=\"widget\" data-widget_type=\"heading.default\">\n\t\t\t\t\t<h2 class=\"elementor-heading-title elementor-size-default\">Immobilienverwaltung\nmit Fokus auf Rentabilit\u00e4t<\/h2>\t\t\t\t<\/div>\n\t\t\t\t<div class=\"elementor-element elementor-element-e73f74a elementor-widget elementor-widget-text-editor\" data-id=\"e73f74a\" data-element_type=\"widget\" data-widget_type=\"text-editor.default\">\n\t\t\t\t\t\t\t\t\t<p>Sie kaufen, wir k\u00fcmmern uns. Wir verwalten Ihre Immobilie mit Effizienz, Sicherheit und einem Fokus auf Rendite &#8211; ideal f\u00fcr alle, die aus der Ferne Ruhe suchen. <\/p>\t\t\t\t\t\t\t\t<\/div>\n\t\t\t\t<\/div>\n\t\t\t\t\t<\/div>\n\t\t\t\t<\/div>\n\t\t<div class=\"elementor-element elementor-element-3bbd049 e-flex e-con-boxed e-con e-parent\" data-id=\"3bbd049\" data-element_type=\"container\">\n\t\t\t\t\t<div class=\"e-con-inner\">\n\t\t<div class=\"elementor-element elementor-element-dc9287d e-con-full e-flex e-con e-child\" data-id=\"dc9287d\" data-element_type=\"container\">\n\t\t\t\t<div class=\"elementor-element elementor-element-2d55455 elementor-widget elementor-widget-heading\" data-id=\"2d55455\" data-element_type=\"widget\" data-widget_type=\"heading.default\">\n\t\t\t\t\t<h2 class=\"elementor-heading-title elementor-size-default\">Unser Team<\/h2>\t\t\t\t<\/div>\n\t\t\t\t<div class=\"elementor-element elementor-element-b290602 elementor-widget elementor-widget-text-editor\" data-id=\"b290602\" data-element_type=\"widget\" data-widget_type=\"text-editor.default\">\n\t\t\t\t\t\t\t\t\t<p>Erfahren Sie mehr \u00fcber das Team von Plan Brazil<\/p>\t\t\t\t\t\t\t\t<\/div>\n\t\t\t\t<\/div>\n\t\t<div class=\"elementor-element elementor-element-74febd2 e-con-full e-flex e-con e-child\" data-id=\"74febd2\" data-element_type=\"container\">\n\t\t\t\t<div class=\"elementor-element elementor-element-1365bbf elementor-widget elementor-widget-image\" data-id=\"1365bbf\" data-element_type=\"widget\" data-widget_type=\"image.default\">\n\t\t\t\t\t\t\t\t\t\t\t\t\t\t\t<img fetchpriority=\"high\" decoding=\"async\" width=\"796\" height=\"1024\" src=\"https:\/\/www.planbrazil.co\/wp-content\/uploads\/2025\/08\/Bruno2-1-796x1024.png\" class=\"attachment-large size-large wp-image-588\" alt=\"\" srcset=\"https:\/\/www.planbrazil.co\/wp-content\/uploads\/2025\/08\/Bruno2-1-796x1024.png 796w, https:\/\/www.planbrazil.co\/wp-content\/uploads\/2025\/08\/Bruno2-1-233x300.png 233w, https:\/\/www.planbrazil.co\/wp-content\/uploads\/2025\/08\/Bruno2-1-768x987.png 768w, https:\/\/www.planbrazil.co\/wp-content\/uploads\/2025\/08\/Bruno2-1-1195x1536.png 1195w, https:\/\/www.planbrazil.co\/wp-content\/uploads\/2025\/08\/Bruno2-1-1593x2048.png 1593w, https:\/\/www.planbrazil.co\/wp-content\/uploads\/2025\/08\/Bruno2-1.png 1792w\" sizes=\"(max-width: 796px) 100vw, 796px\" title=\"\">\t\t\t\t\t\t\t\t\t\t\t\t\t\t\t<\/div>\n\t\t\t\t<div class=\"elementor-element elementor-element-07988d8 elementor-widget elementor-widget-heading\" data-id=\"07988d8\" data-element_type=\"widget\" data-widget_type=\"heading.default\">\n\t\t\t\t\t<h2 class=\"elementor-heading-title elementor-size-default\">Bruno Unger<\/h2>\t\t\t\t<\/div>\n\t\t\t\t<div class=\"elementor-element elementor-element-3f62103 elementor-widget elementor-widget-text-editor\" data-id=\"3f62103\" data-element_type=\"widget\" data-widget_type=\"text-editor.default\">\n\t\t\t\t\t\t\t\t\t<p>S\u00f3cio<\/p>\t\t\t\t\t\t\t\t<\/div>\n\t\t\t\t<\/div>\n\t\t<div class=\"elementor-element elementor-element-a6d51a1 e-con-full e-flex e-con e-child\" data-id=\"a6d51a1\" data-element_type=\"container\">\n\t\t\t\t<div class=\"elementor-element elementor-element-6eb738e elementor-widget elementor-widget-image\" data-id=\"6eb738e\" data-element_type=\"widget\" data-widget_type=\"image.default\">\n\t\t\t\t\t\t\t\t\t\t\t\t\t\t\t<img decoding=\"async\" width=\"796\" height=\"1024\" src=\"https:\/\/www.planbrazil.co\/wp-content\/uploads\/2025\/08\/Rafael2-796x1024.png\" class=\"attachment-large size-large wp-image-589\" alt=\"\" srcset=\"https:\/\/www.planbrazil.co\/wp-content\/uploads\/2025\/08\/Rafael2-796x1024.png 796w, https:\/\/www.planbrazil.co\/wp-content\/uploads\/2025\/08\/Rafael2-233x300.png 233w, https:\/\/www.planbrazil.co\/wp-content\/uploads\/2025\/08\/Rafael2-768x987.png 768w, https:\/\/www.planbrazil.co\/wp-content\/uploads\/2025\/08\/Rafael2-1195x1536.png 1195w, https:\/\/www.planbrazil.co\/wp-content\/uploads\/2025\/08\/Rafael2-1593x2048.png 1593w, https:\/\/www.planbrazil.co\/wp-content\/uploads\/2025\/08\/Rafael2.png 1792w\" sizes=\"(max-width: 796px) 100vw, 796px\" title=\"\">\t\t\t\t\t\t\t\t\t\t\t\t\t\t\t<\/div>\n\t\t\t\t<div class=\"elementor-element elementor-element-e6e9b1b elementor-widget elementor-widget-heading\" data-id=\"e6e9b1b\" data-element_type=\"widget\" data-widget_type=\"heading.default\">\n\t\t\t\t\t<h2 class=\"elementor-heading-title elementor-size-default\">Rafael R\u00e9bula<\/h2>\t\t\t\t<\/div>\n\t\t\t\t<div class=\"elementor-element elementor-element-be5b3b9 elementor-widget elementor-widget-text-editor\" data-id=\"be5b3b9\" data-element_type=\"widget\" data-widget_type=\"text-editor.default\">\n\t\t\t\t\t\t\t\t\t<p>Partner<\/p>\t\t\t\t\t\t\t\t<\/div>\n\t\t\t\t<\/div>\n\t\t\t\t\t<\/div>\n\t\t\t\t<\/div>\n\t\t<div class=\"elementor-element elementor-element-69d8ba2 e-flex e-con-boxed e-con e-parent\" data-id=\"69d8ba2\" data-element_type=\"container\">\n\t\t\t\t\t<div class=\"e-con-inner\">\n\t\t<div class=\"elementor-element elementor-element-a8777ce e-con-full e-flex e-con e-child\" data-id=\"a8777ce\" data-element_type=\"container\" data-settings=\"{&quot;background_background&quot;:&quot;classic&quot;}\">\n\t\t\t\t<div class=\"elementor-element elementor-element-b986edf elementor-widget elementor-widget-heading\" data-id=\"b986edf\" data-element_type=\"widget\" data-widget_type=\"heading.default\">\n\t\t\t\t\t<h2 class=\"elementor-heading-title elementor-size-default\">Sprechen Sie mit PlanBrazil<\/h2>\t\t\t\t<\/div>\n\t\t\t\t<div class=\"elementor-element elementor-element-8a106b3 elementor-widget elementor-widget-text-editor\" data-id=\"8a106b3\" data-element_type=\"widget\" data-widget_type=\"text-editor.default\">\n\t\t\t\t\t\t\t\t\t<p>Es dauert weniger als eine Minute. Bevorzugen Sie WhatsApp? <span style=\"color: #33cccc;\"><a style=\"color: #33cccc;\" href=\"http:\/\/wa.me\/5521982686800\" target=\"_blank\" rel=\"noopener\">Klicken Sie hier.<\/a><\/span><\/p>\t\t\t\t\t\t\t\t<\/div>\n\t\t\t\t<div class=\"elementor-element elementor-element-cdac3bf elementor-mobile-button-align-stretch elementor-button-align-stretch elementor-widget elementor-widget-form\" data-id=\"cdac3bf\" data-element_type=\"widget\" data-settings=\"{&quot;button_width_mobile&quot;:&quot;50&quot;,&quot;step_next_label&quot;:&quot;Pr\\u00f3ximo&quot;,&quot;step_previous_label&quot;:&quot;Anterior&quot;,&quot;button_width&quot;:&quot;100&quot;,&quot;step_type&quot;:&quot;number_text&quot;,&quot;step_icon_shape&quot;:&quot;circle&quot;}\" data-widget_type=\"form.default\">\n\t\t\t\t\t\t\t<form class=\"elementor-form\" method=\"post\" name=\"Novo formul\u00e1rio\" aria-label=\"Novo formul\u00e1rio\">\n\t\t\t<input type=\"hidden\" name=\"post_id\" value=\"590\"\/>\n\t\t\t<input type=\"hidden\" name=\"form_id\" value=\"cdac3bf\"\/>\n\t\t\t<input type=\"hidden\" name=\"referer_title\" value=\"\u00dcber uns - PlanBrazil\" \/>\n\n\t\t\t\t\t\t\t<input type=\"hidden\" name=\"queried_id\" value=\"590\"\/>\n\t\t\t\n\t\t\t<div class=\"elementor-form-fields-wrapper elementor-labels-above\">\n\t\t\t\t\t\t\t\t<div class=\"elementor-field-type-hidden elementor-field-group elementor-column elementor-field-group-quero_escolha elementor-col-100\">\n\t\t\t\t\t\t\t\t\t\t\t\t\t<input size=\"1\" type=\"hidden\" name=\"form_fields[quero_escolha]\" id=\"form-field-quero_escolha\" class=\"elementor-field elementor-size-sm  elementor-field-textual\">\n\t\t\t\t\t\t\t\t\t\t\t<\/div>\n\t\t\t\t\t\t\t\t<div class=\"elementor-field-type-html elementor-field-group elementor-column elementor-field-group-field_e004fef elementor-col-100\">\n\t\t\t\t\t<!DOCTYPE html>\n<html lang=\"de\">\n<head>\n    <meta charset=\"UTF-8\">\n    <meta name=\"viewport\" content=\"width=device-width, initial-scale=1.0\">\n    <title>Ich M\u00f6chte Buttons<\/title>\n    <style>\n        .quero-box {\n            background: transparent;\n            padding: 0;\n            border-radius: 4px;\n            max-width: 100%;\n            font-family: Arial, Helvetica, sans-serif;\n            color: #ffffff;\n        }\n        .quero-box h3 {\n            margin: 0 0 12px 4px;\n            font-size: 18px;\n            font-weight: 500;\n        }\n        .quero-grid {\n            display: grid;\n            grid-template-columns: repeat(4, 1fr); \/* 4 Spalten auf Desktop *\/\n            gap: 10px;\n        }\n        \/* Dunkelgr\u00fcner Text erzwingen *\/\n        .quero-btn,\n        .quero-btn * {\n            color: #0f5b2f !important;\n        }\n        .quero-btn {\n            display: flex;\n            justify-content: center;\n            align-items: center;\n            padding: 8px 5px;\n            background: #ffd400;\n            font-size: 14px;\n            text-decoration: none;\n            border-radius: 4px;\n            font-weight: 700;\n            box-shadow: 0 2px 0 rgba(0,0,0,0.08) inset;\n            text-align: center;\n            transition: 0.15s ease;\n            border: 2px solid transparent;\n            cursor: pointer;\n        }\n        .quero-btn:hover {\n            background: #ffe766;\n        }\n        .quero-btn.selected {\n            border: 2px solid #0f5b2f;\n            background: #ffe766;\n            color: #0f5b2f !important;\n        }\n        \n        \/* RESPONSIV: Mobile wird zu 2 Spalten *\/\n        @media (max-width: 768px) {\n            .quero-grid {\n                grid-template-columns: repeat(2, 1fr);\n            }\n        }\n    <\/style>\n<\/head>\n<body>\n    <div class=\"quero-box\">\n        <h3>Ich M\u00f6chte<\/h3>\n        <div class=\"quero-grid\">\n            <a class=\"quero-btn\" data-value=\"Wohnsitz\">Wohnsitz<\/a>\n            <a class=\"quero-btn\" data-value=\"In Brasilien investieren\">In Brasilien investieren<\/a>\n            <a class=\"quero-btn\" data-value=\"Immobilie kaufen\">Immobilie kaufen<\/a>\n            <a class=\"quero-btn\" data-value=\"Werben\/Partnerschaft\">Werben\/Partnerschaft<\/a>\n        <\/div>\n    <\/div>\n\n    <script>\n        document.querySelectorAll('.quero-btn').forEach(btn => {\n            btn.addEventListener('click', function(e) {\n                e.preventDefault();\n                \/\/ Vorherige Auswahl entfernen\n                document.querySelectorAll('.quero-btn').forEach(b => b.classList.remove('selected'));\n                \/\/ Gew\u00e4hlten Button markieren\n                this.classList.add('selected');\n                \/\/ Hidden-Feld des Elementor-Formulars aktualisieren\n                let campoHidden = document.querySelector('input[name=\"quero_escolha\"]');\n                if (campoHidden) {\n                    campoHidden.value = this.getAttribute('data-value');\n                }\n            });\n        });\n    <\/script>\n<\/body>\n<\/html>\n\t\t\t\t<\/div>\n\t\t\t\t\t\t\t\t<div class=\"elementor-field-type-text elementor-field-group elementor-column elementor-field-group-field_08afc3d elementor-col-100\">\n\t\t\t\t\t\t\t\t\t\t\t\t<label for=\"form-field-field_08afc3d\" class=\"elementor-field-label\">\n\t\t\t\t\t\t\t\t\u00dcber mich\t\t\t\t\t\t\t<\/label>\n\t\t\t\t\t\t\t\t\t\t\t\t\t\t<input size=\"1\" type=\"text\" name=\"form_fields[field_08afc3d]\" id=\"form-field-field_08afc3d\" class=\"elementor-field elementor-size-sm  elementor-field-textual\" placeholder=\"Vollst\u00e4ndiger Name\">\n\t\t\t\t\t\t\t\t\t\t\t<\/div>\n\t\t\t\t\t\t\t\t<div class=\"elementor-field-type-text elementor-field-group elementor-column elementor-field-group-field_bd0e8d6 elementor-col-100\">\n\t\t\t\t\t\t\t\t\t\t\t\t\t<input size=\"1\" type=\"text\" name=\"form_fields[field_bd0e8d6]\" id=\"form-field-field_bd0e8d6\" class=\"elementor-field elementor-size-sm  elementor-field-textual\" placeholder=\"Land\">\n\t\t\t\t\t\t\t\t\t\t\t<\/div>\n\t\t\t\t\t\t\t\t<div class=\"elementor-field-type-tel elementor-field-group elementor-column elementor-field-group-field_bde70f3 elementor-col-100\">\n\t\t\t\t\t\t\t<input size=\"1\" type=\"tel\" name=\"form_fields[field_bde70f3]\" id=\"form-field-field_bde70f3\" class=\"elementor-field elementor-size-sm  elementor-field-textual\" placeholder=\"Telefon\" pattern=\"[0-9()#&amp;+*-=.]+\" title=\"Nur Nummern oder Telefon-Zeichen (#, -, *, etc) werden akzeptiert.\">\n\n\t\t\t\t\t\t<\/div>\n\t\t\t\t\t\t\t\t<div class=\"elementor-field-type-email elementor-field-group elementor-column elementor-field-group-email elementor-col-100 elementor-field-required\">\n\t\t\t\t\t\t\t\t\t\t\t\t\t<input size=\"1\" type=\"email\" name=\"form_fields[email]\" id=\"form-field-email\" class=\"elementor-field elementor-size-sm  elementor-field-textual\" placeholder=\"E-mail\" required=\"required\">\n\t\t\t\t\t\t\t\t\t\t\t<\/div>\n\t\t\t\t\t\t\t\t<div class=\"elementor-field-type-text elementor-field-group elementor-column elementor-field-group-field_f01cc2e elementor-col-100 elementor-field-required\">\n\t\t\t\t\t\t\t\t\t\t\t\t\t<input size=\"1\" type=\"text\" name=\"form_fields[field_f01cc2e]\" id=\"form-field-field_f01cc2e\" class=\"elementor-field elementor-size-sm  elementor-field-textual\" placeholder=\"Investitionsbereich\" required=\"required\">\n\t\t\t\t\t\t\t\t\t\t\t<\/div>\n\t\t\t\t\t\t\t\t<div class=\"elementor-field-type-textarea elementor-field-group elementor-column elementor-field-group-message elementor-col-100\">\n\t\t\t\t\t<textarea class=\"elementor-field-textual elementor-field  elementor-size-sm\" name=\"form_fields[message]\" id=\"form-field-message\" rows=\"4\" placeholder=\"Nachricht (optional)\"><\/textarea>\t\t\t\t<\/div>\n\t\t\t\t\t\t\t\t<div class=\"elementor-field-type-acceptance elementor-field-group elementor-column elementor-field-group-field_2fdca8c elementor-col-100 elementor-field-required\">\n\t\t\t\t\t\t\t<div class=\"elementor-field-subgroup\">\n\t\t\t<span class=\"elementor-field-option\">\n\t\t\t\t<input type=\"checkbox\" name=\"form_fields[field_2fdca8c]\" id=\"form-field-field_2fdca8c\" class=\"elementor-field elementor-size-sm  elementor-acceptance-field\" required=\"required\">\n\t\t\t\t<label for=\"form-field-field_2fdca8c\">Ich erlaube die Kontaktaufnahme per WhatsApp\/E-Mail.<\/label>\t\t\t<\/span>\n\t\t<\/div>\n\t\t\t\t\t\t<\/div>\n\t\t\t\t\t\t\t\t<div class=\"elementor-field-type-html elementor-field-group elementor-column elementor-field-group-field_ff0d060 elementor-col-100\">\n\t\t\t\t\t<!DOCTYPE html>\n<html lang=\"pt-BR\">\n<head>\n    <meta charset=\"UTF-8\">\n    <meta name=\"viewport\" content=\"width=device-width, initial-scale=1.0\">\n    <title>Bot\u00e3o WhatsApp<\/title>\n    <style>\n        \/* ================================\n           ESTILO DO BOT\u00c3O QUERO (WHATSAPP)\n        ================================== *\/\n        .quero-btn,\n        .quero-btn * {\n            color: #0f5b2f !important; \/* Texto verde escuro *\/\n        }\n        \n        \/* bot\u00e3o inteiro *\/\n        .quero-btn {\n            display: flex !important;\n            justify-content: center !important;\n            align-items: center !important;\n            padding: 10px 0 !important;\n            height: 45px !important;\n            line-height: 25px !important;\n            width: 100%; \/* bot\u00e3o ocupa toda a largura dispon\u00edvel *\/\n            background: #ffd400;\n            font-size: 14px;\n            text-decoration: none;\n            border-radius: 2px;\n            font-weight: 700;\n            box-shadow: 0 2px 0 rgba(0,0,0,0.08) inset;\n            text-align: center;\n            transition: 0.15s ease;\n            border: 2px solid transparent;\n            cursor: pointer;\n        }\n        \n        \/* hover *\/\n        .quero-btn:hover {\n            background: #ffe766;\n        }\n        \n        \/* quando selecionado *\/\n        .quero-btn.selected {\n            border: 2px solid #0f5b2f;\n            background: #ffe766;\n            color: #0f5b2f !important;\n        }\n        \n        \/* ALTERA\u00c7\u00c3O: Container com largura total *\/\n        .coluna-total {\n            width: 100%;\n        }\n        \n        \/* garantir que o bot\u00e3o ENVIAR tenha a mesma altura *\/\n        .elementor-button {\n            min-height: 45px !important;\n        }\n    <\/style>\n<\/head>\n<body>\n    <!-- ================================\n         BOT\u00c3O FALAR NO WHATSAPP\n    ================================== -->\n    <div class=\"coluna-total\">\n        <a class=\"quero-btn\" href=\"https:\/\/wa.me\/5521982686800\" target=\"_blank\" data-value=\"Falar no WhatsApp\" rel=\"noopener\">\n            Sprechen Sie \u00fcber WhatsApp        <\/a>\n    <\/div>\n<\/body>\n<\/html>\t\t\t\t<\/div>\n\t\t\t\t\t\t\t\t<div class=\"elementor-field-group elementor-column elementor-field-type-submit elementor-col-100 e-form__buttons elementor-sm-50\">\n\t\t\t\t\t<button class=\"elementor-button elementor-size-sm\" type=\"submit\">\n\t\t\t\t\t\t<span class=\"elementor-button-content-wrapper\">\n\t\t\t\t\t\t\t\t\t\t\t\t\t\t\t\t\t\t\t\t\t\t<span class=\"elementor-button-text\">Zum Versenden<\/span>\n\t\t\t\t\t\t\t\t\t\t\t\t\t<\/span>\n\t\t\t\t\t<\/button>\n\t\t\t\t<\/div>\n\t\t\t<\/div>\n\t\t<\/form>\n\t\t\t\t\t\t<\/div>\n\t\t\t\t<div class=\"elementor-element elementor-element-a6daebc elementor-widget elementor-widget-text-editor\" data-id=\"a6daebc\" data-element_type=\"widget\" data-widget_type=\"text-editor.default\">\n\t\t\t\t\t\t\t\t\t<p>Wir antworten innerhalb eines Werktages. +55 (21) 98268-6800 oder info@planbrazil.co<\/p>\t\t\t\t\t\t\t\t<\/div>\n\t\t\t\t<\/div>\n\t\t\t\t\t<\/div>\n\t\t\t\t<\/div>\n\t\t\t\t<\/div>\n\t\t","protected":false},"excerpt":{"rendered":"<p>Kulturen verbinden, Chancen schaffen Wir sind ein Team von Fachleuten, die die Exzellenz der europ\u00e4ischen Bildung und Kultur aus erster Hand erfahren haben. Wir haben an einer deutschen Schule studiert, haben bemerkenswerte Erfahrungen in \u00d6sterreich, der Schweiz und Deutschland gemacht \u2013 und wir nehmen diese Werte mit: Engagement, Seriosit\u00e4t und eine langfristige Vision. Wir glauben [&hellip;]<\/p>\n","protected":false},"author":1,"featured_media":0,"parent":0,"menu_order":0,"comment_status":"closed","ping_status":"closed","template":"","meta":{"_acf_changed":false,"footnotes":""},"class_list":["post-590","page","type-page","status-publish","hentry"],"acf":[],"_links":{"self":[{"href":"https:\/\/www.planbrazil.co\/de\/wp-json\/wp\/v2\/pages\/590","targetHints":{"allow":["GET"]}}],"collection":[{"href":"https:\/\/www.planbrazil.co\/de\/wp-json\/wp\/v2\/pages"}],"about":[{"href":"https:\/\/www.planbrazil.co\/de\/wp-json\/wp\/v2\/types\/page"}],"author":[{"embeddable":true,"href":"https:\/\/www.planbrazil.co\/de\/wp-json\/wp\/v2\/users\/1"}],"replies":[{"embeddable":true,"href":"https:\/\/www.planbrazil.co\/de\/wp-json\/wp\/v2\/comments?post=590"}],"version-history":[{"count":10,"href":"https:\/\/www.planbrazil.co\/de\/wp-json\/wp\/v2\/pages\/590\/revisions"}],"predecessor-version":[{"id":1225,"href":"https:\/\/www.planbrazil.co\/de\/wp-json\/wp\/v2\/pages\/590\/revisions\/1225"}],"wp:attachment":[{"href":"https:\/\/www.planbrazil.co\/de\/wp-json\/wp\/v2\/media?parent=590"}],"curies":[{"name":"wp","href":"https:\/\/api.w.org\/{rel}","templated":true}]}}